{"id":79,"date":"2025-11-05T08:32:44","date_gmt":"2025-11-05T08:32:44","guid":{"rendered":"https:\/\/pcaba.santcugatesn.com\/?post_type=product&#038;p=79"},"modified":"2025-11-05T09:15:56","modified_gmt":"2025-11-05T09:15:56","slug":"bota-puma-future-8-ultimate-fg","status":"publish","type":"product","link":"https:\/\/pcaba.santcugatesn.com\/index.php\/producto\/bota-puma-future-8-ultimate-fg\/","title":{"rendered":"Bota Puma Future 8 Ultimate FG"},"content":{"rendered":"<p>Botas de f\u00fatbol Puma Future 8 Ultimate FG para adultos. Botas de hilo, para utilizar en campos de hierba natural. Botas de gama alta en color Heat Fire-Black-Ravish.<\/p>\n<p>Puma presenta su \u00faltimo gran lanzamiento del a\u00f1o: el Hot Pursuit Pack , una colecci\u00f3n que une innovaci\u00f3n, velocidad y herencia en un dise\u00f1o completamente renovado. Este pack presenta sus tres silos ic\u00f3nicos \u2013 Future, Ultra y King \u2013 con una est\u00e9tica audaz y tecnolog\u00eda de alto rendimiento, pensada para dominar cada rinc\u00f3n del campo \u00a1No dejes pasar la oportunidad y hazte con uno de ellos!<\/p>\n","protected":false},"excerpt":{"rendered":"<p>Botas de f\u00fatbol Puma Future 8 Ultimate FG para adultos. Botas de hilo, para utilizar en campos de hierba natural. Botas de gama alta en color Heat Fire-Black-Ravish. Puma presenta su \u00faltimo gran lanzamiento del a\u00f1o: el Hot Pursuit Pack , una colecci\u00f3n que une innovaci\u00f3n, velocidad y herencia en un dise\u00f1o completamente renovado. Este [&hellip;]<\/p>\n","protected":false},"featured_media":80,"comment_status":"open","ping_status":"closed","template":"","meta":[],"product_brand":[27],"product_cat":[21],"product_tag":[],"class_list":{"0":"post-79","1":"product","2":"type-product","3":"status-publish","4":"has-post-thumbnail","6":"product_brand-puma","7":"product_cat-botas","9":"first","10":"instock","11":"shipping-taxable","12":"purchasable","13":"product-type-variable"},"_links":{"self":[{"href":"https:\/\/pcaba.santcugatesn.com\/index.php\/wp-json\/wp\/v2\/product\/79","targetHints":{"allow":["GET"]}}],"collection":[{"href":"https:\/\/pcaba.santcugatesn.com\/index.php\/wp-json\/wp\/v2\/product"}],"about":[{"href":"https:\/\/pcaba.santcugatesn.com\/index.php\/wp-json\/wp\/v2\/types\/product"}],"replies":[{"embeddable":true,"href":"https:\/\/pcaba.santcugatesn.com\/index.php\/wp-json\/wp\/v2\/comments?post=79"}],"wp:featuredmedia":[{"embeddable":true,"href":"https:\/\/pcaba.santcugatesn.com\/index.php\/wp-json\/wp\/v2\/media\/80"}],"wp:attachment":[{"href":"https:\/\/pcaba.santcugatesn.com\/index.php\/wp-json\/wp\/v2\/media?parent=79"}],"wp:term":[{"taxonomy":"product_brand","embeddable":true,"href":"https:\/\/pcaba.santcugatesn.com\/index.php\/wp-json\/wp\/v2\/product_brand?post=79"},{"taxonomy":"product_cat","embeddable":true,"href":"https:\/\/pcaba.santcugatesn.com\/index.php\/wp-json\/wp\/v2\/product_cat?post=79"},{"taxonomy":"product_tag","embeddable":true,"href":"https:\/\/pcaba.santcugatesn.com\/index.php\/wp-json\/wp\/v2\/product_tag?post=79"}],"curies":[{"name":"wp","href":"https:\/\/api.w.org\/{rel}","templated":true}]}}