{"id":74,"date":"2025-11-05T08:28:55","date_gmt":"2025-11-05T08:28:55","guid":{"rendered":"https:\/\/pcaba.santcugatesn.com\/?post_type=product&#038;p=74"},"modified":"2025-11-05T08:57:30","modified_gmt":"2025-11-05T08:57:30","slug":"bota-nike-air-zoom-mercurial-vapor-16-elite-fg","status":"publish","type":"product","link":"https:\/\/pcaba.santcugatesn.com\/index.php\/producto\/bota-nike-air-zoom-mercurial-vapor-16-elite-fg\/","title":{"rendered":"Bota Nike Air Zoom Mercurial Vapor 16 Elite FG"},"content":{"rendered":"<p>Botas de f\u00fatbol Nike Air Zoom Mercurial Vapor 16 Elite FG para adultos. Botas de hilo, sin tobillera, para usar en campos de hierba natural. Botas de gama alta para jugadores veloces en color Silt Red-Racer Blue.<\/p>\n<p>El Nike United Pack rinde homenaje a las estrellas que brillan cuando el juego est\u00e1 en juego. Inspirado en grandes jugadoras los dise\u00f1adores utilizaron colores llamativos y gr\u00e1ficos disruptivos que representan la tenacidad y la ambici\u00f3n que se necesitan para llegar a la cima \u00a1No dejes pasar la oportunidad y hazte con cualquiera de los silos!<\/p>\n","protected":false},"excerpt":{"rendered":"<p>Botas de f\u00fatbol Nike Air Zoom Mercurial Vapor 16 Elite FG para adultos. Botas de hilo, sin tobillera, para usar en campos de hierba natural. Botas de gama alta para jugadores veloces en color Silt Red-Racer Blue. El Nike United Pack rinde homenaje a las estrellas que brillan cuando el juego est\u00e1 en juego. Inspirado [&hellip;]<\/p>\n","protected":false},"featured_media":75,"comment_status":"open","ping_status":"closed","template":"","meta":[],"product_brand":[22],"product_cat":[21],"product_tag":[23],"class_list":{"0":"post-74","1":"product","2":"type-product","3":"status-publish","4":"has-post-thumbnail","6":"product_brand-nike","7":"product_cat-botas","8":"product_tag-bota","10":"first","11":"instock","12":"shipping-taxable","13":"purchasable","14":"product-type-variable"},"_links":{"self":[{"href":"https:\/\/pcaba.santcugatesn.com\/index.php\/wp-json\/wp\/v2\/product\/74","targetHints":{"allow":["GET"]}}],"collection":[{"href":"https:\/\/pcaba.santcugatesn.com\/index.php\/wp-json\/wp\/v2\/product"}],"about":[{"href":"https:\/\/pcaba.santcugatesn.com\/index.php\/wp-json\/wp\/v2\/types\/product"}],"replies":[{"embeddable":true,"href":"https:\/\/pcaba.santcugatesn.com\/index.php\/wp-json\/wp\/v2\/comments?post=74"}],"wp:featuredmedia":[{"embeddable":true,"href":"https:\/\/pcaba.santcugatesn.com\/index.php\/wp-json\/wp\/v2\/media\/75"}],"wp:attachment":[{"href":"https:\/\/pcaba.santcugatesn.com\/index.php\/wp-json\/wp\/v2\/media?parent=74"}],"wp:term":[{"taxonomy":"product_brand","embeddable":true,"href":"https:\/\/pcaba.santcugatesn.com\/index.php\/wp-json\/wp\/v2\/product_brand?post=74"},{"taxonomy":"product_cat","embeddable":true,"href":"https:\/\/pcaba.santcugatesn.com\/index.php\/wp-json\/wp\/v2\/product_cat?post=74"},{"taxonomy":"product_tag","embeddable":true,"href":"https:\/\/pcaba.santcugatesn.com\/index.php\/wp-json\/wp\/v2\/product_tag?post=74"}],"curies":[{"name":"wp","href":"https:\/\/api.w.org\/{rel}","templated":true}]}}