{"id":149,"date":"2025-11-05T09:41:29","date_gmt":"2025-11-05T09:41:29","guid":{"rendered":"https:\/\/pcaba.santcugatesn.com\/?post_type=product&#038;p=149"},"modified":"2025-11-05T09:41:29","modified_gmt":"2025-11-05T09:41:29","slug":"bota-adidas-copa-pure-iii-elite-fg","status":"publish","type":"product","link":"https:\/\/pcaba.santcugatesn.com\/index.php\/producto\/bota-adidas-copa-pure-iii-elite-fg\/","title":{"rendered":"Bota adidas Copa Pure III Elite FG"},"content":{"rendered":"<p>Botas de f\u00fatbol adidas Copa Pure III Elite FG. Botas de piel para utilizar en campos de c\u00e9sped natural. Botas de gama alta en color Off White-Lucid Blue-Signal Core para jugadores cl\u00e1sicos.<\/p>\n<p>Prep\u00e1rate para encender el juego con el nuevo Coral Blaze Pack de Adidas, una colecci\u00f3n que irradia energ\u00eda, velocidad y precisi\u00f3n. Con un vibrante tono naranja coral como protagonista, este pack destaca en el terreno de juego tanto por su dise\u00f1o audaz como por su rendimiento de \u00e9lite. Los tres silos principales de la marca alemana. El Coral Blaze Pack es una elecci\u00f3n perfecta para esta temporada \u00a1Hazte con \u00e9l!<\/p>\n","protected":false},"excerpt":{"rendered":"<p>Botas de f\u00fatbol adidas Copa Pure III Elite FG. Botas de piel para utilizar en campos de c\u00e9sped natural. Botas de gama alta en color Off White-Lucid Blue-Signal Core para jugadores cl\u00e1sicos. Prep\u00e1rate para encender el juego con el nuevo Coral Blaze Pack de Adidas, una colecci\u00f3n que irradia energ\u00eda, velocidad y precisi\u00f3n. Con un [&hellip;]<\/p>\n","protected":false},"featured_media":150,"comment_status":"open","ping_status":"closed","template":"","meta":[],"product_brand":[19],"product_cat":[21],"product_tag":[],"class_list":{"0":"post-149","1":"product","2":"type-product","3":"status-publish","4":"has-post-thumbnail","6":"product_brand-adidas","7":"product_cat-botas","9":"first","10":"instock","11":"shipping-taxable","12":"purchasable","13":"product-type-variable"},"_links":{"self":[{"href":"https:\/\/pcaba.santcugatesn.com\/index.php\/wp-json\/wp\/v2\/product\/149","targetHints":{"allow":["GET"]}}],"collection":[{"href":"https:\/\/pcaba.santcugatesn.com\/index.php\/wp-json\/wp\/v2\/product"}],"about":[{"href":"https:\/\/pcaba.santcugatesn.com\/index.php\/wp-json\/wp\/v2\/types\/product"}],"replies":[{"embeddable":true,"href":"https:\/\/pcaba.santcugatesn.com\/index.php\/wp-json\/wp\/v2\/comments?post=149"}],"wp:featuredmedia":[{"embeddable":true,"href":"https:\/\/pcaba.santcugatesn.com\/index.php\/wp-json\/wp\/v2\/media\/150"}],"wp:attachment":[{"href":"https:\/\/pcaba.santcugatesn.com\/index.php\/wp-json\/wp\/v2\/media?parent=149"}],"wp:term":[{"taxonomy":"product_brand","embeddable":true,"href":"https:\/\/pcaba.santcugatesn.com\/index.php\/wp-json\/wp\/v2\/product_brand?post=149"},{"taxonomy":"product_cat","embeddable":true,"href":"https:\/\/pcaba.santcugatesn.com\/index.php\/wp-json\/wp\/v2\/product_cat?post=149"},{"taxonomy":"product_tag","embeddable":true,"href":"https:\/\/pcaba.santcugatesn.com\/index.php\/wp-json\/wp\/v2\/product_tag?post=149"}],"curies":[{"name":"wp","href":"https:\/\/api.w.org\/{rel}","templated":true}]}}